{"id":37,"date":"2019-01-19T09:51:19","date_gmt":"2019-01-19T09:51:19","guid":{"rendered":"http:\/\/de.silas-service.de\/?page_id=37"},"modified":"2022-01-15T08:16:24","modified_gmt":"2022-01-15T08:16:24","slug":"kontakt-impressum","status":"publish","type":"page","link":"https:\/\/www.silas-service.de\/?page_id=37","title":{"rendered":"Kontakt | Impressum"},"content":{"rendered":"\n<h1>Wir sind f\u00fcr Sie da!<\/h1>\n\n\n\n<p><strong>Silas Service<br><\/strong>Schilder, Stempel, Schuhe, Schl\u00fcssel, Lasergravuren u.a.<\/p>\n\n\n\n<p>EKZ Zuckerfabrik (ca. 5 Min. vom Bahnhof)<br>Zuckerpassage 22 (Im E-Center)<\/p>\n\n\n\n<p>31275 Lehrte (bei Hannover)<\/p>\n\n\n\n<p>\u00d6ffnungszeiten: Montag &#8211; Freitag: 9.30 &#8211; 18.00 Uhr<\/p>\n\n\n\n<p>Samstag: 9.30 &#8211; 15.00 Uhr<\/p>\n\n\n\n<p>Gesch\u00e4ftsf\u00fchrender Ansprechpartner:<\/p>\n\n\n\n<p>Rosario Guarnacchia&nbsp;<\/p>\n\n\n\n<p>Fon: 05132 | 82 14 675<br>E-Mail: <a href=\"mailto:kontakt@silas-service.de\">kontakt@silas-service.de<\/a><\/p>\n\n\n\n<p><strong>Disclaimer <\/strong><\/p>\n\n\n\n<p><strong>Copyright <\/strong>Inhalt und Struktur der Webseiten \nentsprechen den urheberrechtlichen gesetzlichen Bestimmungen. Die \nVervielf\u00e4ltigung von Inhalten oder Daten, insbesondere die Verwendung \nvon Texten, Textteilen oder Bildmaterial ist ohne ausdr\u00fcckliche \nZustimmung des Urhebers nicht gestattet.<\/p>\n\n\n\n<p><strong>Links<\/strong> Diese Website enth\u00e4lt Verweise (Links) zu \nexternen Angeboten. Zum Zeitpunkt der Ver\u00f6ffentlichung dieser Website \nentsprachen diese Angebote der aktuellen Rechtssprechung. Trotz \nsorgf\u00e4ltiger Kontrollen in regelm\u00e4\u00dfigen Abst\u00e4nden k\u00f6nnen sich die \nInhalte dieser Angebote ohne unsere Kenntnis \u00e4ndern. Silas Service \n\u00fcbernimmt daher keine Haftung f\u00fcr die Inhalte externer Websites.<\/p>\n\n\n\n<p><strong>Datenschutz<\/strong> \u00dcber das Internet, z.B. per E-Mail, an \nuns \u00fcbermittelte Daten werden streng vertraulich behandelt. Unser \nNetzwerk entspricht den g\u00e4ngigen Sicherheitsstandards. Silas Service \n\u00fcbernimmt jedoch keine Haftung f\u00fcr Sch\u00e4den, die durch Dritte (z.B. \nInternet-Provider) w\u00e4hrend des \u00dcbermittlungsweges entstehen k\u00f6nnen. Das \n\u00dcbermitteln von Daten \u00fcber das Internet geschieht auf freiwilliger Basis\n und eigenes Risiko.<\/p>\n\n\n\nSilas Schilder u. Stempel Service \r\nInhaber: Rosario Guarnacchia \r\nGermaniastr. 26 \r\n31275 Lehrte \r\n\r\nGesch\u00e4ftsf\u00fchrung: Rosario Guarnacchia \r\nGesellschafter: Rosario Guarnacchia \r\n\r\nTelefonnummer: 05132 | 82 14 675\r\nE-Mailadresse: kontakt@silas-service.de\r\n\r\nSteuernummer: 30\/115\/20544 &#8211; Hildesheim Finanzamt\r\n\r\nUmsatzsteuer-Identifikationsnummer: 40985715322\r\n\r\nInhaltlich verantwortlich: Rosario Guarnacchia \r\n\r\nPlattform der Europ\u00e4ischen Kommission zur Online-Streitbeilegung (OS) f\u00fcr Verbraucher: <a target=\"_blank\" rel=\"noopener\">https:\/\/ec.europa.eu\/consumers\/odr\/<\/a>. Wir sind nicht bereit und nicht verpflichtet an einem Streitbeilegungsverfahren vor einer Verbraucherschlichtungsstelle teilzunehmen.\n","protected":false},"excerpt":{"rendered":"<p>Wir sind f\u00fcr Sie da! Silas ServiceSchilder, Stempel, Schuhe, Schl\u00fcssel, Lasergravuren u.a. EKZ Zuckerfabrik (ca. 5 Min. vom Bahnhof)Zuckerpassage 22 (Im E-Center) 31275 Lehrte (bei Hannover) \u00d6ffnungszeiten: Montag &#8211; Freitag: 9.30 &#8211; 18.00 Uhr Samstag: 9.30 &#8211; 15.00 Uhr Gesch\u00e4ftsf\u00fchrender Ansprechpartner: Rosario Guarnacchia&nbsp; Fon: 05132 | 82 14 675E-Mail: kontakt@silas-service.de Disclaimer Copyright Inhalt und Struktur [&hellip;]<\/p>\n","protected":false},"author":1,"featured_media":0,"parent":0,"menu_order":0,"comment_status":"closed","ping_status":"closed","template":"","meta":{"ngg_post_thumbnail":0},"_links":{"self":[{"href":"https:\/\/www.silas-service.de\/index.php?rest_route=\/wp\/v2\/pages\/37"}],"collection":[{"href":"https:\/\/www.silas-service.de\/index.php?rest_route=\/wp\/v2\/pages"}],"about":[{"href":"https:\/\/www.silas-service.de\/index.php?rest_route=\/wp\/v2\/types\/page"}],"author":[{"embeddable":true,"href":"https:\/\/www.silas-service.de\/index.php?rest_route=\/wp\/v2\/users\/1"}],"replies":[{"embeddable":true,"href":"https:\/\/www.silas-service.de\/index.php?rest_route=%2Fwp%2Fv2%2Fcomments&post=37"}],"version-history":[{"count":6,"href":"https:\/\/www.silas-service.de\/index.php?rest_route=\/wp\/v2\/pages\/37\/revisions"}],"predecessor-version":[{"id":280,"href":"https:\/\/www.silas-service.de\/index.php?rest_route=\/wp\/v2\/pages\/37\/revisions\/280"}],"wp:attachment":[{"href":"https:\/\/www.silas-service.de\/index.php?rest_route=%2Fwp%2Fv2%2Fmedia&parent=37"}],"curies":[{"name":"wp","href":"https:\/\/api.w.org\/{rel}","templated":true}]}}