{"id":246,"date":"2019-06-28T13:08:33","date_gmt":"2019-06-28T13:08:33","guid":{"rendered":"http:\/\/de.silas-service.de\/?page_id=246"},"modified":"2019-07-01T06:45:04","modified_gmt":"2019-07-01T06:45:04","slug":"uhrenservice","status":"publish","type":"page","link":"https:\/\/www.silas-service.de\/?page_id=246","title":{"rendered":"Uhrenservice"},"content":{"rendered":"\n<ul><li><strong> Batterieweschsel mit Vartabatterie<\/strong><\/li><li><strong> Lederarmb\u00e4nder <\/strong><\/li><li><strong> Federstege erneueren <\/strong><\/li><li><strong> Metallarmb\u00e4nder vergr\u00f6sseren \/ verkleinern<\/strong><\/li><\/ul>\n\n\n\n<ul class=\"wp-block-gallery columns-3 is-cropped\"><li class=\"blocks-gallery-item\"><figure><a href=\"http:\/\/de.silas-service.de\/wp-content\/uploads\/2019\/07\/1-1024x556.jpg\"><img loading=\"lazy\" width=\"1024\" height=\"556\" src=\"http:\/\/de.silas-service.de\/wp-content\/uploads\/2019\/07\/1-1024x556.jpg\" alt=\"\" data-id=\"251\" data-link=\"http:\/\/de.silas-service.de\/?attachment_id=251\" class=\"wp-image-251\" srcset=\"https:\/\/www.silas-service.de\/wp-content\/uploads\/2019\/07\/1-1024x556.jpg 1024w, https:\/\/www.silas-service.de\/wp-content\/uploads\/2019\/07\/1-300x163.jpg 300w, https:\/\/www.silas-service.de\/wp-content\/uploads\/2019\/07\/1-768x417.jpg 768w\" sizes=\"(max-width: 1024px) 100vw, 1024px\" \/><\/a><\/figure><\/li><li class=\"blocks-gallery-item\"><figure><a href=\"http:\/\/de.silas-service.de\/wp-content\/uploads\/2019\/07\/2-1018x1024.jpg\"><img loading=\"lazy\" width=\"1018\" height=\"1024\" src=\"http:\/\/de.silas-service.de\/wp-content\/uploads\/2019\/07\/2-1018x1024.jpg\" alt=\"\" data-id=\"252\" data-link=\"http:\/\/de.silas-service.de\/?attachment_id=252\" class=\"wp-image-252\" srcset=\"https:\/\/www.silas-service.de\/wp-content\/uploads\/2019\/07\/2-1018x1024.jpg 1018w, https:\/\/www.silas-service.de\/wp-content\/uploads\/2019\/07\/2-150x150.jpg 150w, https:\/\/www.silas-service.de\/wp-content\/uploads\/2019\/07\/2-298x300.jpg 298w, https:\/\/www.silas-service.de\/wp-content\/uploads\/2019\/07\/2-768x773.jpg 768w, https:\/\/www.silas-service.de\/wp-content\/uploads\/2019\/07\/2.jpg 2028w\" sizes=\"(max-width: 1018px) 100vw, 1018px\" \/><\/a><\/figure><\/li><li class=\"blocks-gallery-item\"><figure><a href=\"http:\/\/de.silas-service.de\/wp-content\/uploads\/2019\/07\/3-768x1024.jpg\"><img loading=\"lazy\" width=\"768\" height=\"1024\" src=\"http:\/\/de.silas-service.de\/wp-content\/uploads\/2019\/07\/3-768x1024.jpg\" alt=\"\" data-id=\"253\" data-link=\"http:\/\/de.silas-service.de\/?attachment_id=253\" class=\"wp-image-253\" srcset=\"https:\/\/www.silas-service.de\/wp-content\/uploads\/2019\/07\/3-768x1024.jpg 768w, https:\/\/www.silas-service.de\/wp-content\/uploads\/2019\/07\/3-225x300.jpg 225w\" sizes=\"(max-width: 768px) 100vw, 768px\" \/><\/a><\/figure><\/li><\/ul>\n","protected":false},"excerpt":{"rendered":"<p>Batterieweschsel mit Vartabatterie Lederarmb\u00e4nder Federstege erneueren Metallarmb\u00e4nder vergr\u00f6sseren \/ verkleinern<\/p>\n","protected":false},"author":1,"featured_media":0,"parent":0,"menu_order":0,"comment_status":"closed","ping_status":"closed","template":"","meta":{"ngg_post_thumbnail":0},"_links":{"self":[{"href":"https:\/\/www.silas-service.de\/index.php?rest_route=\/wp\/v2\/pages\/246"}],"collection":[{"href":"https:\/\/www.silas-service.de\/index.php?rest_route=\/wp\/v2\/pages"}],"about":[{"href":"https:\/\/www.silas-service.de\/index.php?rest_route=\/wp\/v2\/types\/page"}],"author":[{"embeddable":true,"href":"https:\/\/www.silas-service.de\/index.php?rest_route=\/wp\/v2\/users\/1"}],"replies":[{"embeddable":true,"href":"https:\/\/www.silas-service.de\/index.php?rest_route=%2Fwp%2Fv2%2Fcomments&post=246"}],"version-history":[{"count":3,"href":"https:\/\/www.silas-service.de\/index.php?rest_route=\/wp\/v2\/pages\/246\/revisions"}],"predecessor-version":[{"id":254,"href":"https:\/\/www.silas-service.de\/index.php?rest_route=\/wp\/v2\/pages\/246\/revisions\/254"}],"wp:attachment":[{"href":"https:\/\/www.silas-service.de\/index.php?rest_route=%2Fwp%2Fv2%2Fmedia&parent=246"}],"curies":[{"name":"wp","href":"https:\/\/api.w.org\/{rel}","templated":true}]}}