{"id":18,"date":"2019-01-19T09:49:07","date_gmt":"2019-01-19T09:49:07","guid":{"rendered":"http:\/\/de.silas-service.de\/?page_id=18"},"modified":"2019-01-19T10:22:32","modified_gmt":"2019-01-19T10:22:32","slug":"partner","status":"publish","type":"page","link":"https:\/\/www.silas-service.de\/?page_id=18","title":{"rendered":"PARTNER"},"content":{"rendered":"\n<h1>Wiederverk\u00e4ufer und Partner<\/h1>\n\n\n\n<p>Wir stellen f\u00fcr Wiederverk\u00e4ufer zu super Konditionen Schilder und Stempel her.<\/p>\n\n\n\n<p>Gerne erstellen wir Ihnen ein Angebot und erkl\u00e4ren Ihnen den Ablauf der Auftragsabwicklung z. B. bei Stempelauftr\u00e4gen.<\/p>\n\n\n\n<p>Tel 05132 | 82 14 675<\/p>\n\n\n\n<p>Wir helfen Ihnen gern!<\/p>\n","protected":false},"excerpt":{"rendered":"<p>Wiederverk\u00e4ufer und Partner Wir stellen f\u00fcr Wiederverk\u00e4ufer zu super Konditionen Schilder und Stempel her. Gerne erstellen wir Ihnen ein Angebot und erkl\u00e4ren Ihnen den Ablauf der Auftragsabwicklung z. B. bei Stempelauftr\u00e4gen. Tel 05132 | 82 14 675 Wir helfen Ihnen gern!<\/p>\n","protected":false},"author":1,"featured_media":0,"parent":0,"menu_order":0,"comment_status":"closed","ping_status":"closed","template":"","meta":{"ngg_post_thumbnail":0},"_links":{"self":[{"href":"https:\/\/www.silas-service.de\/index.php?rest_route=\/wp\/v2\/pages\/18"}],"collection":[{"href":"https:\/\/www.silas-service.de\/index.php?rest_route=\/wp\/v2\/pages"}],"about":[{"href":"https:\/\/www.silas-service.de\/index.php?rest_route=\/wp\/v2\/types\/page"}],"author":[{"embeddable":true,"href":"https:\/\/www.silas-service.de\/index.php?rest_route=\/wp\/v2\/users\/1"}],"replies":[{"embeddable":true,"href":"https:\/\/www.silas-service.de\/index.php?rest_route=%2Fwp%2Fv2%2Fcomments&post=18"}],"version-history":[{"count":2,"href":"https:\/\/www.silas-service.de\/index.php?rest_route=\/wp\/v2\/pages\/18\/revisions"}],"predecessor-version":[{"id":79,"href":"https:\/\/www.silas-service.de\/index.php?rest_route=\/wp\/v2\/pages\/18\/revisions\/79"}],"wp:attachment":[{"href":"https:\/\/www.silas-service.de\/index.php?rest_route=%2Fwp%2Fv2%2Fmedia&parent=18"}],"curies":[{"name":"wp","href":"https:\/\/api.w.org\/{rel}","templated":true}]}}