{"id":14,"date":"2019-01-19T09:48:38","date_gmt":"2019-01-19T09:48:38","guid":{"rendered":"http:\/\/de.silas-service.de\/?page_id=14"},"modified":"2019-06-08T08:14:05","modified_gmt":"2019-06-08T08:14:05","slug":"anwendungsbeispiele","status":"publish","type":"page","link":"https:\/\/www.silas-service.de\/?page_id=14","title":{"rendered":"ANWENDUNGSBEISPIELE"},"content":{"rendered":"\n<h1>Wir gravieren (fast) alles!<\/h1>\n\n\n\n<p><em><strong>O<\/strong><\/em><em><strong>b Praxisschild, Firmenschild, Gru\u00dfkarte  oder Pokale. Was Sie bei uns gravieren, schneiden oder veredeln lassen  wollen, bleibt nat\u00fcrlich ganz Ihnen \u00fcberlassen. Hier nur eine kleine  Auswahl unserer M\u00f6glichkeiten f\u00fcr Sie als Anregung.<\/strong><\/em><\/p>\n\n\n\n<ul class=\"wp-block-gallery aligncenter columns-3 is-cropped\"><li class=\"blocks-gallery-item\"><figure><img loading=\"lazy\" width=\"170\" height=\"128\" src=\"http:\/\/de.silas-service.de\/wp-content\/uploads\/2019\/06\/deckel-kork.jpg\" alt=\"\" data-id=\"103\" data-link=\"http:\/\/de.silas-service.de\/?attachment_id=103\" class=\"wp-image-103\"\/><figcaption>Gravuren auf Kork., z.B. f\u00fcr Untersetzer<\/figcaption><\/figure><\/li><li class=\"blocks-gallery-item\"><figure><img loading=\"lazy\" width=\"170\" height=\"128\" src=\"http:\/\/de.silas-service.de\/wp-content\/uploads\/2019\/06\/gravur-etui.jpg\" alt=\"\" data-id=\"104\" data-link=\"http:\/\/de.silas-service.de\/?attachment_id=104\" class=\"wp-image-104\"\/><figcaption>Pers\u00f6nliche Widmung auf z.B. Metalletui<\/figcaption><\/figure><\/li><li class=\"blocks-gallery-item\"><figure><img loading=\"lazy\" width=\"170\" height=\"128\" src=\"http:\/\/de.silas-service.de\/wp-content\/uploads\/2019\/06\/gravur-grusskarte.jpg\" alt=\"\" data-id=\"105\" data-link=\"http:\/\/de.silas-service.de\/?attachment_id=105\" class=\"wp-image-105\"\/><figcaption>Papierschnitte f\u00fcr z.B. Gru\u00dfkarten<\/figcaption><\/figure><\/li><li class=\"blocks-gallery-item\"><figure><img loading=\"lazy\" width=\"170\" height=\"128\" src=\"http:\/\/de.silas-service.de\/wp-content\/uploads\/2019\/06\/gravur-zippo.jpg\" alt=\"\" data-id=\"106\" data-link=\"http:\/\/de.silas-service.de\/?attachment_id=106\" class=\"wp-image-106\"\/><figcaption>Gravierungen auf z.B. Feuerzeugen<\/figcaption><\/figure><\/li><li class=\"blocks-gallery-item\"><figure><img loading=\"lazy\" width=\"170\" height=\"128\" src=\"http:\/\/de.silas-service.de\/wp-content\/uploads\/2019\/06\/lasergavur-holzschild.jpg\" alt=\"\" data-id=\"107\" data-link=\"http:\/\/de.silas-service.de\/?attachment_id=107\" class=\"wp-image-107\"\/><figcaption>Gravuren mit Ihrem Portr\u00e4t auf Holz<\/figcaption><\/figure><\/li><li class=\"blocks-gallery-item\"><figure><img loading=\"lazy\" width=\"170\" height=\"128\" src=\"http:\/\/de.silas-service.de\/wp-content\/uploads\/2019\/06\/lasergravur-glas.jpg\" alt=\"\" data-id=\"108\" data-link=\"http:\/\/de.silas-service.de\/?attachment_id=108\" class=\"wp-image-108\"\/><figcaption>Lasergravur auf Glas oder Flasche<\/figcaption><\/figure><\/li><li class=\"blocks-gallery-item\"><figure><img loading=\"lazy\" width=\"170\" height=\"128\" src=\"http:\/\/de.silas-service.de\/wp-content\/uploads\/2019\/06\/lasergravur-handy.jpg\" alt=\"\" data-id=\"109\" data-link=\"http:\/\/de.silas-service.de\/?attachment_id=109\" class=\"wp-image-109\"\/><figcaption>Individuelle Gravuren f\u00fcr Ihr Handy<\/figcaption><\/figure><\/li><li class=\"blocks-gallery-item\"><figure><img loading=\"lazy\" width=\"170\" height=\"128\" src=\"http:\/\/de.silas-service.de\/wp-content\/uploads\/2019\/06\/laserschnitt-namensschild.jpg\" alt=\"\" data-id=\"110\" data-link=\"http:\/\/de.silas-service.de\/?attachment_id=110\" class=\"wp-image-110\"\/><figcaption>Ihr Namenzug z.B. f\u00fcr den Schreibtisch<\/figcaption><\/figure><\/li><li class=\"blocks-gallery-item\"><figure><img loading=\"lazy\" width=\"170\" height=\"128\" src=\"http:\/\/de.silas-service.de\/wp-content\/uploads\/2019\/06\/namensschild-plexiglas.jpg\" alt=\"\" data-id=\"111\" data-link=\"http:\/\/de.silas-service.de\/?attachment_id=111\" class=\"wp-image-111\"\/><figcaption>Namensschilder aus Plexiglas oder Glas<\/figcaption><\/figure><\/li><li class=\"blocks-gallery-item\"><figure><img loading=\"lazy\" width=\"170\" height=\"128\" src=\"http:\/\/de.silas-service.de\/wp-content\/uploads\/2019\/06\/pokal-laserschnitt.jpg\" alt=\"\" data-id=\"112\" data-link=\"http:\/\/de.silas-service.de\/?attachment_id=112\" class=\"wp-image-112\"\/><figcaption>Individuelle Objekte oder Pokale mit Laserschnitt<\/figcaption><\/figure><\/li><li class=\"blocks-gallery-item\"><figure><img loading=\"lazy\" width=\"170\" height=\"128\" src=\"http:\/\/de.silas-service.de\/wp-content\/uploads\/2019\/06\/pokal-laserschnitt2.jpg\" alt=\"\" data-id=\"113\" data-link=\"http:\/\/de.silas-service.de\/?attachment_id=113\" class=\"wp-image-113\"\/><figcaption>Individuelle Skulpturen mit Laserschnitt<\/figcaption><\/figure><\/li><li class=\"blocks-gallery-item\"><figure><img loading=\"lazy\" width=\"170\" height=\"128\" src=\"http:\/\/de.silas-service.de\/wp-content\/uploads\/2019\/06\/praxisschild.jpg\" alt=\"\" data-id=\"114\" data-link=\"http:\/\/de.silas-service.de\/?attachment_id=114\" class=\"wp-image-114\"\/><figcaption>Praxisschilder, Kanzleischilder f\u00fcr Au\u00dfenbeschilderung<\/figcaption><\/figure><\/li><li class=\"blocks-gallery-item\"><figure><img loading=\"lazy\" width=\"170\" height=\"128\" src=\"http:\/\/de.silas-service.de\/wp-content\/uploads\/2019\/06\/preisschilder.jpg\" alt=\"\" data-id=\"115\" data-link=\"http:\/\/de.silas-service.de\/?attachment_id=115\" class=\"wp-image-115\"\/><figcaption>Preisschilder, Firmenschilder mit Gravur auf Holz <\/figcaption><\/figure><\/li><li class=\"blocks-gallery-item\"><figure><img loading=\"lazy\" width=\"170\" height=\"128\" src=\"http:\/\/de.silas-service.de\/wp-content\/uploads\/2019\/06\/schaufensterschilder.jpg\" alt=\"\" data-id=\"116\" data-link=\"http:\/\/de.silas-service.de\/?attachment_id=116\" class=\"wp-image-116\"\/><figcaption>Gro\u00dffl\u00e4chige Schilder f\u00fcr Ihr Gesch\u00e4ft <\/figcaption><\/figure><\/li><li class=\"blocks-gallery-item\"><figure><img loading=\"lazy\" width=\"170\" height=\"128\" src=\"http:\/\/de.silas-service.de\/wp-content\/uploads\/2019\/06\/schild-blau.jpg\" alt=\"\" data-id=\"117\" data-link=\"http:\/\/de.silas-service.de\/?attachment_id=117\" class=\"wp-image-117\"\/><figcaption>Individuelle Karten oder Schilder mit Ihrem Portr\u00e4t<\/figcaption><\/figure><\/li><li class=\"blocks-gallery-item\"><figure><img loading=\"lazy\" width=\"170\" height=\"155\" src=\"http:\/\/de.silas-service.de\/wp-content\/uploads\/2019\/06\/Schilder_plexiglas.jpg\" alt=\"\" data-id=\"118\" data-link=\"http:\/\/de.silas-service.de\/?attachment_id=118\" class=\"wp-image-118\"\/><figcaption>Glas- oder Spiegelgravuren<\/figcaption><\/figure><\/li><li class=\"blocks-gallery-item\"><figure><img loading=\"lazy\" width=\"170\" height=\"128\" src=\"http:\/\/de.silas-service.de\/wp-content\/uploads\/2019\/06\/schilder-lasergravur.jpg\" alt=\"\" data-id=\"119\" data-link=\"http:\/\/de.silas-service.de\/?attachment_id=119\" class=\"wp-image-119\"\/><figcaption>Angebotsschilder, Infoschilder aus Glas \/ Plexiglas<\/figcaption><\/figure><\/li><li class=\"blocks-gallery-item\"><figure><img loading=\"lazy\" width=\"170\" height=\"128\" src=\"http:\/\/de.silas-service.de\/wp-content\/uploads\/2019\/06\/stempelgravur.jpg\" alt=\"\" data-id=\"120\" data-link=\"http:\/\/de.silas-service.de\/?attachment_id=120\" class=\"wp-image-120\"\/><figcaption>Firmenstempel, Spa\u00dfstempel, Eintrittsstempel<\/figcaption><\/figure><\/li><\/ul>\n","protected":false},"excerpt":{"rendered":"<p>Wir gravieren (fast) alles! Ob Praxisschild, Firmenschild, Gru\u00dfkarte oder Pokale. Was Sie bei uns gravieren, schneiden oder veredeln lassen wollen, bleibt nat\u00fcrlich ganz Ihnen \u00fcberlassen. Hier nur eine kleine Auswahl unserer M\u00f6glichkeiten f\u00fcr Sie als Anregung.<\/p>\n","protected":false},"author":1,"featured_media":0,"parent":0,"menu_order":0,"comment_status":"closed","ping_status":"closed","template":"","meta":{"ngg_post_thumbnail":0},"_links":{"self":[{"href":"https:\/\/www.silas-service.de\/index.php?rest_route=\/wp\/v2\/pages\/14"}],"collection":[{"href":"https:\/\/www.silas-service.de\/index.php?rest_route=\/wp\/v2\/pages"}],"about":[{"href":"https:\/\/www.silas-service.de\/index.php?rest_route=\/wp\/v2\/types\/page"}],"author":[{"embeddable":true,"href":"https:\/\/www.silas-service.de\/index.php?rest_route=\/wp\/v2\/users\/1"}],"replies":[{"embeddable":true,"href":"https:\/\/www.silas-service.de\/index.php?rest_route=%2Fwp%2Fv2%2Fcomments&post=14"}],"version-history":[{"count":11,"href":"https:\/\/www.silas-service.de\/index.php?rest_route=\/wp\/v2\/pages\/14\/revisions"}],"predecessor-version":[{"id":126,"href":"https:\/\/www.silas-service.de\/index.php?rest_route=\/wp\/v2\/pages\/14\/revisions\/126"}],"wp:attachment":[{"href":"https:\/\/www.silas-service.de\/index.php?rest_route=%2Fwp%2Fv2%2Fmedia&parent=14"}],"curies":[{"name":"wp","href":"https:\/\/api.w.org\/{rel}","templated":true}]}}